{"id":7939,"date":"2025-05-30T02:07:21","date_gmt":"2025-05-30T02:07:21","guid":{"rendered":"https:\/\/dpstech.com.pe\/2025\/?page_id=7939"},"modified":"2026-01-27T19:01:47","modified_gmt":"2026-01-27T19:01:47","slug":"workwithplus","status":"publish","type":"page","link":"https:\/\/dpstech.com.pe\/2025\/workwithplus\/","title":{"rendered":"WorkWithPlus"},"content":{"rendered":"<div class=\"wpb-content-wrapper\"><p>[vc_row full_width=&#8221;stretch_row&#8221; equal_height=&#8221;yes&#8221; content_placement=&#8221;middle&#8221; css=&#8221;.vc_custom_1749413200446{margin-top: 130px !important;padding-top: 130px !important;padding-bottom: 130px !important;background-color: #F6F6F6 !important;}&#8221;][vc_column width=&#8221;1\/2&#8243; css=&#8221;.vc_custom_1738110814920{padding-right: 80px !important;padding-left: 80px !important;}&#8221;][vc_single_image image=&#8221;7987&#8243; img_size=&#8221;400&#215;400&#8243; alignment=&#8221;right&#8221; css=&#8221;&#8221;][\/vc_column][vc_column width=&#8221;1\/2&#8243;][vc_column_text css=&#8221;&#8221;]<\/p>\n<p style=\"text-align: left;\">Web applications with an amazing UX<\/p>\n<p>[\/vc_column_text]<header class=\"kd-section-title col-lg-12 text-left     vc_custom_1748648817672\" ><h2 class=\"separator_off\" style=\"color: #000000;\">WorkWithPlus for Web<\/h2><p class=\"subtitle \" style=\"color: #000000;\">WorkWithPlus for Web es el Pattern m\u00e1s utilizado por la comunidad GeneXus para el desarrollo de aplicaciones ricas en contenido aumentando la productividad del equipo de desarrollo.<\/p><\/header>[vc_btn title=&#8221;\u00bfEstas listo para probar?&#8221; style=&#8221;flat&#8221; shape=&#8221;square&#8221; align=&#8221;left&#8221; css=&#8221;&#8221; link=&#8221;url:https%3A%2F%2Fworkwithplus.com%2F|target:_blank&#8221;][\/vc_column][\/vc_row][vc_row full_width=&#8221;stretch_row&#8221; equal_height=&#8221;yes&#8221; content_placement=&#8221;middle&#8221; css=&#8221;.vc_custom_1749413195471{padding-top: 130px !important;padding-bottom: 130px !important;background-color: #FFFFFF !important;}&#8221;][vc_column width=&#8221;1\/2&#8243; css=&#8221;.vc_custom_1738110814920{padding-right: 80px !important;padding-left: 80px !important;}&#8221;][vc_column_text css=&#8221;&#8221;]<\/p>\n<p style=\"text-align: right;\">Aplicaciones m\u00f3viles nativas con UX sorprendente<\/p>\n<p>[\/vc_column_text]<header class=\"kd-section-title col-lg-12 text-right     vc_custom_1748648658390\" ><h2 class=\"separator_off\" style=\"color: #000000;\">WorkWithPlus for Native Mobile<\/h2><p class=\"subtitle \" style=\"color: #000000;\">WorkWithPlus for Native Mobile le permite seleccionar un conjunto de Templates pre dise\u00f1ados y a su vez editarlos para adaptarlos a sus necesidades. Algunos de los que ofrecemos son: Listado, Visualizaci\u00f3n, Edici\u00f3n, Login, Men\u00fa, Mapas, entre otros.<\/p><\/header>[vc_btn title=&#8221;\u00bfEstas listo para probar?&#8221; style=&#8221;flat&#8221; shape=&#8221;square&#8221; align=&#8221;right&#8221; css=&#8221;&#8221; link=&#8221;url:https%3A%2F%2Fworkwithplus.com%2F|target:_blank&#8221;][\/vc_column][vc_column width=&#8221;1\/2&#8243;][vc_single_image image=&#8221;7975&#8243; img_size=&#8221;400&#215;400&#8243; css=&#8221;&#8221;][\/vc_column][\/vc_row][vc_row full_width=&#8221;stretch_row&#8221; equal_height=&#8221;yes&#8221; content_placement=&#8221;middle&#8221; css=&#8221;.vc_custom_1749413236860{padding-top: 130px !important;padding-bottom: 130px !important;background-color: #F6F6F6 !important;}&#8221;][vc_column width=&#8221;1\/2&#8243; css=&#8221;.vc_custom_1738110814920{padding-right: 80px !important;padding-left: 80px !important;}&#8221;][vc_single_image image=&#8221;7986&#8243; img_size=&#8221;400&#215;400&#8243; alignment=&#8221;right&#8221; css=&#8221;&#8221;][\/vc_column][vc_column width=&#8221;1\/2&#8243;][vc_column_text css=&#8221;&#8221;]<\/p>\n<p style=\"text-align: left;\">Video conferencia multi-canal f\u00e1cil y r\u00e1pido<\/p>\n<p>[\/vc_column_text]<header class=\"kd-section-title col-lg-12 text-left     vc_custom_1748649084987\" ><h2 class=\"separator_off\" style=\"color: #000000;\">WorkWithPlus for VideoCall<\/h2><p class=\"subtitle \" style=\"color: #000000;\">WorkWithPlus for VideoCall brinda un conjunto de controles de usuario que pueden integrarse f\u00e1cilmente en cualquier KB para habilitar videollamadas tanto en aplicaciones m\u00f3viles como web GeneXus.<\/p><\/header>[vc_btn title=&#8221;\u00bfEstas listo para probar?&#8221; style=&#8221;flat&#8221; shape=&#8221;square&#8221; align=&#8221;left&#8221; css=&#8221;&#8221; link=&#8221;url:https%3A%2F%2Fworkwithplus.com%2F|target:_blank&#8221;][\/vc_column][\/vc_row][vc_row full_width=&#8221;stretch_row&#8221; equal_height=&#8221;yes&#8221; content_placement=&#8221;middle&#8221; css=&#8221;.vc_custom_1749413245732{padding-top: 130px !important;padding-bottom: 130px !important;background-color: #FFFFFF !important;}&#8221;][vc_column width=&#8221;1\/2&#8243; css=&#8221;.vc_custom_1738110814920{padding-right: 80px !important;padding-left: 80px !important;}&#8221;][vc_column_text css=&#8221;&#8221;]<\/p>\n<p style=\"text-align: right;\">Genere trazabilidad y monitoree sus datos<\/p>\n<p>[\/vc_column_text]<header class=\"kd-section-title col-lg-12 text-right     vc_custom_1748648974081\" ><h2 class=\"separator_off\" style=\"color: #000000;\">WorkWithPlus for Audit<\/h2><p class=\"subtitle \" style=\"color: #000000;\">WorkWithPlus for Audit genera autom\u00e1ticamente el c\u00f3digo que introduce los factores desencadenantes y tambi\u00e9n presenta los resultados mediante la organizaci\u00f3n de la informaci\u00f3n para la toma de decisiones.<\/p><\/header>[vc_btn title=&#8221;\u00bfEstas listo para probar?&#8221; style=&#8221;flat&#8221; shape=&#8221;square&#8221; align=&#8221;right&#8221; css=&#8221;&#8221; link=&#8221;url:https%3A%2F%2Fworkwithplus.com%2F|target:_blank&#8221;][\/vc_column][vc_column width=&#8221;1\/2&#8243;][vc_single_image image=&#8221;7983&#8243; img_size=&#8221;400&#215;400&#8243; css=&#8221;&#8221;][\/vc_column][\/vc_row][vc_row full_width=&#8221;stretch_row&#8221; equal_height=&#8221;yes&#8221; content_placement=&#8221;middle&#8221; css=&#8221;.vc_custom_1748648919404{padding-top: 130px !important;padding-bottom: 130px !important;background-color: #F6F6F6 !important;}&#8221;][vc_column width=&#8221;1\/2&#8243; css=&#8221;.vc_custom_1738110814920{padding-right: 80px !important;padding-left: 80px !important;}&#8221;][vc_single_image image=&#8221;7984&#8243; img_size=&#8221;400&#215;400&#8243; css=&#8221;&#8221;][\/vc_column][vc_column width=&#8221;1\/2&#8243;][vc_column_text css=&#8221;&#8221;]<\/p>\n<p style=\"text-align: left;\">Explore your data through conversational analysis<\/p>\n<p>[\/vc_column_text]<header class=\"kd-section-title col-lg-12 text-left     vc_custom_1749413289143\" ><h2 class=\"separator_off\" style=\"color: #000000;\">WorkWithPlus for BI<\/h2><p class=\"subtitle \" style=\"color: #000000;\">Con WorkWithPlus for BI obtendr\u00e1 un producto que permite de forma sencilla integrar a las Apps creadas con GeneXus una soluci\u00f3n de anal\u00edtica moderna, que incorpora elementos de inteligencia artificial, con bajo costo de implementaci\u00f3n y a un precio competitivo.<\/p><\/header>[vc_btn title=&#8221;\u00bfEstas listo para probar?&#8221; style=&#8221;flat&#8221; shape=&#8221;square&#8221; align=&#8221;left&#8221; css=&#8221;&#8221; link=&#8221;url:https%3A%2F%2Fworkwithplus.com%2F|target:_blank&#8221;][\/vc_column][\/vc_row]<\/p>\n<\/div>","protected":false},"excerpt":{"rendered":"<p>[vc_row full_width=&#8221;stretch_row&#8221; equal_height=&#8221;yes&#8221; content_placement=&#8221;middle&#8221; css=&#8221;.vc_custom_1749413200446{margin-top: 130px !important;padding-top: 130px !important;padding-bottom: 130px !important;background-color: #F6F6F6 !important;}&#8221;][vc_column width=&#8221;1\/2&#8243; css=&#8221;.vc_custom_1738110814920{padding-right: 80px !important;padding-left: 80px !important;}&#8221;][vc_single_image image=&#8221;7987&#8243; [&hellip;]<\/p>\n","protected":false},"author":2,"featured_media":0,"parent":0,"menu_order":0,"comment_status":"closed","ping_status":"closed","template":"","meta":{"footnotes":""},"class_list":["post-7939","page","type-page","status-publish","hentry"],"yoast_head":"<!-- This site is optimized with the Yoast SEO plugin v27.1.1 - https:\/\/yoast.com\/product\/yoast-seo-wordpress\/ -->\n<title>WorkWithPlus - DPSTech<\/title>\n<meta name=\"robots\" content=\"index, follow, max-snippet:-1, max-image-preview:large, max-video-preview:-1\" \/>\n<link rel=\"canonical\" href=\"https:\/\/dpstech.com.pe\/2025\/workwithplus\/\" \/>\n<meta property=\"og:locale\" content=\"es_ES\" \/>\n<meta property=\"og:type\" content=\"article\" \/>\n<meta property=\"og:title\" content=\"WorkWithPlus - DPSTech\" \/>\n<meta property=\"og:description\" content=\"[vc_row full_width=&#8221;stretch_row&#8221; equal_height=&#8221;yes&#8221; content_placement=&#8221;middle&#8221; css=&#8221;.vc_custom_1749413200446{margin-top: 130px !important;padding-top: 130px !important;padding-bottom: 130px !important;background-color: #F6F6F6 !important;}&#8221;][vc_column width=&#8221;1\/2&#8243; css=&#8221;.vc_custom_1738110814920{padding-right: 80px !important;padding-left: 80px !important;}&#8221;][vc_single_image image=&#8221;7987&#8243; [&hellip;]\" \/>\n<meta property=\"og:url\" content=\"https:\/\/dpstech.com.pe\/2025\/workwithplus\/\" \/>\n<meta property=\"og:site_name\" content=\"DPSTech\" \/>\n<meta property=\"article:modified_time\" content=\"2026-01-27T19:01:47+00:00\" \/>\n<meta property=\"og:image\" content=\"https:\/\/dpstech.com.pe\/2025\/wp-content\/uploads\/2025\/01\/logo-dpstech-1.png\" \/>\n\t<meta property=\"og:image:width\" content=\"1000\" \/>\n\t<meta property=\"og:image:height\" content=\"160\" \/>\n\t<meta property=\"og:image:type\" content=\"image\/png\" \/>\n<meta name=\"twitter:card\" content=\"summary_large_image\" \/>\n<meta name=\"twitter:label1\" content=\"Tiempo de lectura\" \/>\n\t<meta name=\"twitter:data1\" content=\"3 minutos\" \/>\n<script type=\"application\/ld+json\" class=\"yoast-schema-graph\">{\"@context\":\"https:\/\/schema.org\",\"@graph\":[{\"@type\":\"WebPage\",\"@id\":\"https:\/\/dpstech.com.pe\/2025\/workwithplus\/\",\"url\":\"https:\/\/dpstech.com.pe\/2025\/workwithplus\/\",\"name\":\"WorkWithPlus - DPSTech\",\"isPartOf\":{\"@id\":\"https:\/\/dpstech.com.pe\/2025\/#website\"},\"datePublished\":\"2025-05-30T02:07:21+00:00\",\"dateModified\":\"2026-01-27T19:01:47+00:00\",\"breadcrumb\":{\"@id\":\"https:\/\/dpstech.com.pe\/2025\/workwithplus\/#breadcrumb\"},\"inLanguage\":\"es\",\"potentialAction\":[{\"@type\":\"ReadAction\",\"target\":[\"https:\/\/dpstech.com.pe\/2025\/workwithplus\/\"]}]},{\"@type\":\"BreadcrumbList\",\"@id\":\"https:\/\/dpstech.com.pe\/2025\/workwithplus\/#breadcrumb\",\"itemListElement\":[{\"@type\":\"ListItem\",\"position\":1,\"name\":\"Home\",\"item\":\"https:\/\/dpstech.com.pe\/2025\/\"},{\"@type\":\"ListItem\",\"position\":2,\"name\":\"WorkWithPlus\"}]},{\"@type\":\"WebSite\",\"@id\":\"https:\/\/dpstech.com.pe\/2025\/#website\",\"url\":\"https:\/\/dpstech.com.pe\/2025\/\",\"name\":\"DPSTech\",\"description\":\"\",\"publisher\":{\"@id\":\"https:\/\/dpstech.com.pe\/2025\/#organization\"},\"potentialAction\":[{\"@type\":\"SearchAction\",\"target\":{\"@type\":\"EntryPoint\",\"urlTemplate\":\"https:\/\/dpstech.com.pe\/2025\/?s={search_term_string}\"},\"query-input\":{\"@type\":\"PropertyValueSpecification\",\"valueRequired\":true,\"valueName\":\"search_term_string\"}}],\"inLanguage\":\"es\"},{\"@type\":\"Organization\",\"@id\":\"https:\/\/dpstech.com.pe\/2025\/#organization\",\"name\":\"DPSTech\",\"url\":\"https:\/\/dpstech.com.pe\/2025\/\",\"logo\":{\"@type\":\"ImageObject\",\"inLanguage\":\"es\",\"@id\":\"https:\/\/dpstech.com.pe\/2025\/#\/schema\/logo\/image\/\",\"url\":\"https:\/\/dpstech.com.pe\/2025\/wp-content\/uploads\/2025\/01\/logo-dpstech-1.png\",\"contentUrl\":\"https:\/\/dpstech.com.pe\/2025\/wp-content\/uploads\/2025\/01\/logo-dpstech-1.png\",\"width\":1000,\"height\":160,\"caption\":\"DPSTech\"},\"image\":{\"@id\":\"https:\/\/dpstech.com.pe\/2025\/#\/schema\/logo\/image\/\"}}]}<\/script>\n<!-- \/ Yoast SEO plugin. -->","yoast_head_json":{"title":"WorkWithPlus - DPSTech","robots":{"index":"index","follow":"follow","max-snippet":"max-snippet:-1","max-image-preview":"max-image-preview:large","max-video-preview":"max-video-preview:-1"},"canonical":"https:\/\/dpstech.com.pe\/2025\/workwithplus\/","og_locale":"es_ES","og_type":"article","og_title":"WorkWithPlus - DPSTech","og_description":"[vc_row full_width=&#8221;stretch_row&#8221; equal_height=&#8221;yes&#8221; content_placement=&#8221;middle&#8221; css=&#8221;.vc_custom_1749413200446{margin-top: 130px !important;padding-top: 130px !important;padding-bottom: 130px !important;background-color: #F6F6F6 !important;}&#8221;][vc_column width=&#8221;1\/2&#8243; css=&#8221;.vc_custom_1738110814920{padding-right: 80px !important;padding-left: 80px !important;}&#8221;][vc_single_image image=&#8221;7987&#8243; [&hellip;]","og_url":"https:\/\/dpstech.com.pe\/2025\/workwithplus\/","og_site_name":"DPSTech","article_modified_time":"2026-01-27T19:01:47+00:00","og_image":[{"width":1000,"height":160,"url":"https:\/\/dpstech.com.pe\/2025\/wp-content\/uploads\/2025\/01\/logo-dpstech-1.png","type":"image\/png"}],"twitter_card":"summary_large_image","twitter_misc":{"Tiempo de lectura":"3 minutos"},"schema":{"@context":"https:\/\/schema.org","@graph":[{"@type":"WebPage","@id":"https:\/\/dpstech.com.pe\/2025\/workwithplus\/","url":"https:\/\/dpstech.com.pe\/2025\/workwithplus\/","name":"WorkWithPlus - DPSTech","isPartOf":{"@id":"https:\/\/dpstech.com.pe\/2025\/#website"},"datePublished":"2025-05-30T02:07:21+00:00","dateModified":"2026-01-27T19:01:47+00:00","breadcrumb":{"@id":"https:\/\/dpstech.com.pe\/2025\/workwithplus\/#breadcrumb"},"inLanguage":"es","potentialAction":[{"@type":"ReadAction","target":["https:\/\/dpstech.com.pe\/2025\/workwithplus\/"]}]},{"@type":"BreadcrumbList","@id":"https:\/\/dpstech.com.pe\/2025\/workwithplus\/#breadcrumb","itemListElement":[{"@type":"ListItem","position":1,"name":"Home","item":"https:\/\/dpstech.com.pe\/2025\/"},{"@type":"ListItem","position":2,"name":"WorkWithPlus"}]},{"@type":"WebSite","@id":"https:\/\/dpstech.com.pe\/2025\/#website","url":"https:\/\/dpstech.com.pe\/2025\/","name":"DPSTech","description":"","publisher":{"@id":"https:\/\/dpstech.com.pe\/2025\/#organization"},"potentialAction":[{"@type":"SearchAction","target":{"@type":"EntryPoint","urlTemplate":"https:\/\/dpstech.com.pe\/2025\/?s={search_term_string}"},"query-input":{"@type":"PropertyValueSpecification","valueRequired":true,"valueName":"search_term_string"}}],"inLanguage":"es"},{"@type":"Organization","@id":"https:\/\/dpstech.com.pe\/2025\/#organization","name":"DPSTech","url":"https:\/\/dpstech.com.pe\/2025\/","logo":{"@type":"ImageObject","inLanguage":"es","@id":"https:\/\/dpstech.com.pe\/2025\/#\/schema\/logo\/image\/","url":"https:\/\/dpstech.com.pe\/2025\/wp-content\/uploads\/2025\/01\/logo-dpstech-1.png","contentUrl":"https:\/\/dpstech.com.pe\/2025\/wp-content\/uploads\/2025\/01\/logo-dpstech-1.png","width":1000,"height":160,"caption":"DPSTech"},"image":{"@id":"https:\/\/dpstech.com.pe\/2025\/#\/schema\/logo\/image\/"}}]}},"_links":{"self":[{"href":"https:\/\/dpstech.com.pe\/2025\/wp-json\/wp\/v2\/pages\/7939","targetHints":{"allow":["GET"]}}],"collection":[{"href":"https:\/\/dpstech.com.pe\/2025\/wp-json\/wp\/v2\/pages"}],"about":[{"href":"https:\/\/dpstech.com.pe\/2025\/wp-json\/wp\/v2\/types\/page"}],"author":[{"embeddable":true,"href":"https:\/\/dpstech.com.pe\/2025\/wp-json\/wp\/v2\/users\/2"}],"replies":[{"embeddable":true,"href":"https:\/\/dpstech.com.pe\/2025\/wp-json\/wp\/v2\/comments?post=7939"}],"version-history":[{"count":30,"href":"https:\/\/dpstech.com.pe\/2025\/wp-json\/wp\/v2\/pages\/7939\/revisions"}],"predecessor-version":[{"id":8111,"href":"https:\/\/dpstech.com.pe\/2025\/wp-json\/wp\/v2\/pages\/7939\/revisions\/8111"}],"wp:attachment":[{"href":"https:\/\/dpstech.com.pe\/2025\/wp-json\/wp\/v2\/media?parent=7939"}],"curies":[{"name":"wp","href":"https:\/\/api.w.org\/{rel}","templated":true}]}}