{"id":7937,"date":"2025-05-30T02:05:39","date_gmt":"2025-05-30T02:05:39","guid":{"rendered":"https:\/\/dpstech.com.pe\/2025\/?page_id=7937"},"modified":"2025-05-31T00:02:05","modified_gmt":"2025-05-31T00:02:05","slug":"bantotal","status":"publish","type":"page","link":"https:\/\/dpstech.com.pe\/2025\/bantotal\/","title":{"rendered":"Bantotal"},"content":{"rendered":"<div class=\"wpb-content-wrapper\"><p>[vc_row full_width=&#8221;stretch_row&#8221; equal_height=&#8221;yes&#8221; content_placement=&#8221;middle&#8221; css=&#8221;.vc_custom_1738110840853{margin-top: 130px !important;padding-top: 130px !important;padding-bottom: 130px !important;background-color: #F6F6F6 !important;}&#8221;][vc_column width=&#8221;1\/2&#8243; css=&#8221;.vc_custom_1738110814920{padding-right: 80px !important;padding-left: 80px !important;}&#8221;]<header class=\"kd-section-title col-lg-12 text-right    \" ><h1 class=\"separator_off\" >Bantotal Core<\/h1><p class=\"subtitle \" >Bantotal Core es el n\u00facleo de nuestra plataforma y resuelve todos los procesos bancarios de misi\u00f3n cr\u00edtica, de Bancos, Financieras, Fintech, Bancos Digitales, e-Commerce, proveedores de Banca como Servicio, entre otros. Es el l\u00edder de mercado en Am\u00e9rica Latina, siendo utilizado en 15 pa\u00edses y resolviendo la actividad financiera de m\u00e1s de 30 MM de personas en forma continua, todos los d\u00edas del a\u00f1o.<\/p><\/header>[vc_btn title=&#8221;\u00bfEstas listo para probar?&#8221; style=&#8221;flat&#8221; shape=&#8221;square&#8221; align=&#8221;right&#8221; css=&#8221;&#8221; link=&#8221;url:https%3A%2F%2Fwww.bantotal.com%2F|target:_blank&#8221;][\/vc_column][vc_column width=&#8221;1\/2&#8243; css=&#8221;.vc_custom_1748572236067{background-color: #FFFFFF !important;}&#8221;][vc_single_image image=&#8221;7890&#8243; img_size=&#8221;full&#8221; alignment=&#8221;center&#8221; css=&#8221;&#8221;][\/vc_column][\/vc_row][vc_row full_width=&#8221;stretch_row&#8221; equal_height=&#8221;yes&#8221; content_placement=&#8221;middle&#8221; css=&#8221;.vc_custom_1748649661921{padding-top: 130px !important;padding-bottom: 130px !important;background-color: #FFFFFF !important;}&#8221;][vc_column width=&#8221;1\/2&#8243; css=&#8221;.vc_custom_1737938581268{padding-right: 80px !important;padding-left: 80px !important;}&#8221;][vc_single_image image=&#8221;7994&#8243; img_size=&#8221;full&#8221; css=&#8221;&#8221;][\/vc_column][vc_column width=&#8221;1\/2&#8243;]<header class=\"kd-section-title col-lg-12 text-left    \" ><h1 class=\"separator_off\" >Arquitectura Funcional<\/h1><p class=\"subtitle \" >El Core representa el nivel I de la Plataforma Bancaria. Aqu\u00ed se encuentran todos los procesos bancarios de misi\u00f3n cr\u00edtica requeridos por los diferentes tipos de Instituciones Financieras. El cliente y la contabilidad son el eje central de la soluci\u00f3n, toda transacci\u00f3n monetaria ejecutada en el sistema resolver\u00e1 la contabilidad en l\u00ednea, en tiempo real, en forma autom\u00e1tica y con control de la partida doble. El saldo operativo y el saldo contable se resuelve en el mismo evento, por lo tanto, no se requiere el uso de auxiliares contables en Bantotal. Los m\u00f3dulos operativos utilizan los mismos componentes del n\u00facleo, por lo tanto, est\u00e1n integrados naturalmente, sin requerir interfaces para operar entre ellos.<\/p><\/header>[\/vc_column][\/vc_row]<\/p>\n<\/div>","protected":false},"excerpt":{"rendered":"<p>[vc_row full_width=&#8221;stretch_row&#8221; equal_height=&#8221;yes&#8221; content_placement=&#8221;middle&#8221; css=&#8221;.vc_custom_1738110840853{margin-top: 130px !important;padding-top: 130px !important;padding-bottom: 130px !important;background-color: #F6F6F6 !important;}&#8221;][vc_column width=&#8221;1\/2&#8243; css=&#8221;.vc_custom_1738110814920{padding-right: 80px !important;padding-left: 80px !important;}&#8221;][vc_btn title=&#8221;\u00bfEstas [&hellip;]<\/p>\n","protected":false},"author":2,"featured_media":0,"parent":0,"menu_order":0,"comment_status":"closed","ping_status":"closed","template":"","meta":{"footnotes":""},"class_list":["post-7937","page","type-page","status-publish","hentry"],"yoast_head":"<!-- This site is optimized with the Yoast SEO plugin v27.1.1 - https:\/\/yoast.com\/product\/yoast-seo-wordpress\/ -->\n<title>Bantotal - DPSTech<\/title>\n<meta name=\"robots\" content=\"index, follow, max-snippet:-1, max-image-preview:large, max-video-preview:-1\" \/>\n<link rel=\"canonical\" href=\"https:\/\/dpstech.com.pe\/2025\/bantotal\/\" \/>\n<meta property=\"og:locale\" content=\"es_ES\" \/>\n<meta property=\"og:type\" content=\"article\" \/>\n<meta property=\"og:title\" content=\"Bantotal - DPSTech\" \/>\n<meta property=\"og:description\" content=\"[vc_row full_width=&#8221;stretch_row&#8221; equal_height=&#8221;yes&#8221; content_placement=&#8221;middle&#8221; css=&#8221;.vc_custom_1738110840853{margin-top: 130px !important;padding-top: 130px !important;padding-bottom: 130px !important;background-color: #F6F6F6 !important;}&#8221;][vc_column width=&#8221;1\/2&#8243; css=&#8221;.vc_custom_1738110814920{padding-right: 80px !important;padding-left: 80px !important;}&#8221;][vc_btn title=&#8221;\u00bfEstas [&hellip;]\" \/>\n<meta property=\"og:url\" content=\"https:\/\/dpstech.com.pe\/2025\/bantotal\/\" \/>\n<meta property=\"og:site_name\" content=\"DPSTech\" \/>\n<meta property=\"article:modified_time\" content=\"2025-05-31T00:02:05+00:00\" \/>\n<meta property=\"og:image\" content=\"https:\/\/dpstech.com.pe\/2025\/wp-content\/uploads\/2025\/01\/logo-dpstech-1.png\" \/>\n\t<meta property=\"og:image:width\" content=\"1000\" \/>\n\t<meta property=\"og:image:height\" content=\"160\" \/>\n\t<meta property=\"og:image:type\" content=\"image\/png\" \/>\n<meta name=\"twitter:card\" content=\"summary_large_image\" \/>\n<meta name=\"twitter:label1\" content=\"Tiempo de lectura\" \/>\n\t<meta name=\"twitter:data1\" content=\"2 minutos\" \/>\n<script type=\"application\/ld+json\" class=\"yoast-schema-graph\">{\"@context\":\"https:\/\/schema.org\",\"@graph\":[{\"@type\":\"WebPage\",\"@id\":\"https:\/\/dpstech.com.pe\/2025\/bantotal\/\",\"url\":\"https:\/\/dpstech.com.pe\/2025\/bantotal\/\",\"name\":\"Bantotal - DPSTech\",\"isPartOf\":{\"@id\":\"https:\/\/dpstech.com.pe\/2025\/#website\"},\"datePublished\":\"2025-05-30T02:05:39+00:00\",\"dateModified\":\"2025-05-31T00:02:05+00:00\",\"breadcrumb\":{\"@id\":\"https:\/\/dpstech.com.pe\/2025\/bantotal\/#breadcrumb\"},\"inLanguage\":\"es\",\"potentialAction\":[{\"@type\":\"ReadAction\",\"target\":[\"https:\/\/dpstech.com.pe\/2025\/bantotal\/\"]}]},{\"@type\":\"BreadcrumbList\",\"@id\":\"https:\/\/dpstech.com.pe\/2025\/bantotal\/#breadcrumb\",\"itemListElement\":[{\"@type\":\"ListItem\",\"position\":1,\"name\":\"Home\",\"item\":\"https:\/\/dpstech.com.pe\/2025\/\"},{\"@type\":\"ListItem\",\"position\":2,\"name\":\"Bantotal\"}]},{\"@type\":\"WebSite\",\"@id\":\"https:\/\/dpstech.com.pe\/2025\/#website\",\"url\":\"https:\/\/dpstech.com.pe\/2025\/\",\"name\":\"DPSTech\",\"description\":\"\",\"publisher\":{\"@id\":\"https:\/\/dpstech.com.pe\/2025\/#organization\"},\"potentialAction\":[{\"@type\":\"SearchAction\",\"target\":{\"@type\":\"EntryPoint\",\"urlTemplate\":\"https:\/\/dpstech.com.pe\/2025\/?s={search_term_string}\"},\"query-input\":{\"@type\":\"PropertyValueSpecification\",\"valueRequired\":true,\"valueName\":\"search_term_string\"}}],\"inLanguage\":\"es\"},{\"@type\":\"Organization\",\"@id\":\"https:\/\/dpstech.com.pe\/2025\/#organization\",\"name\":\"DPSTech\",\"url\":\"https:\/\/dpstech.com.pe\/2025\/\",\"logo\":{\"@type\":\"ImageObject\",\"inLanguage\":\"es\",\"@id\":\"https:\/\/dpstech.com.pe\/2025\/#\/schema\/logo\/image\/\",\"url\":\"https:\/\/dpstech.com.pe\/2025\/wp-content\/uploads\/2025\/01\/logo-dpstech-1.png\",\"contentUrl\":\"https:\/\/dpstech.com.pe\/2025\/wp-content\/uploads\/2025\/01\/logo-dpstech-1.png\",\"width\":1000,\"height\":160,\"caption\":\"DPSTech\"},\"image\":{\"@id\":\"https:\/\/dpstech.com.pe\/2025\/#\/schema\/logo\/image\/\"}}]}<\/script>\n<!-- \/ Yoast SEO plugin. -->","yoast_head_json":{"title":"Bantotal - DPSTech","robots":{"index":"index","follow":"follow","max-snippet":"max-snippet:-1","max-image-preview":"max-image-preview:large","max-video-preview":"max-video-preview:-1"},"canonical":"https:\/\/dpstech.com.pe\/2025\/bantotal\/","og_locale":"es_ES","og_type":"article","og_title":"Bantotal - DPSTech","og_description":"[vc_row full_width=&#8221;stretch_row&#8221; equal_height=&#8221;yes&#8221; content_placement=&#8221;middle&#8221; css=&#8221;.vc_custom_1738110840853{margin-top: 130px !important;padding-top: 130px !important;padding-bottom: 130px !important;background-color: #F6F6F6 !important;}&#8221;][vc_column width=&#8221;1\/2&#8243; css=&#8221;.vc_custom_1738110814920{padding-right: 80px !important;padding-left: 80px !important;}&#8221;][vc_btn title=&#8221;\u00bfEstas [&hellip;]","og_url":"https:\/\/dpstech.com.pe\/2025\/bantotal\/","og_site_name":"DPSTech","article_modified_time":"2025-05-31T00:02:05+00:00","og_image":[{"width":1000,"height":160,"url":"https:\/\/dpstech.com.pe\/2025\/wp-content\/uploads\/2025\/01\/logo-dpstech-1.png","type":"image\/png"}],"twitter_card":"summary_large_image","twitter_misc":{"Tiempo de lectura":"2 minutos"},"schema":{"@context":"https:\/\/schema.org","@graph":[{"@type":"WebPage","@id":"https:\/\/dpstech.com.pe\/2025\/bantotal\/","url":"https:\/\/dpstech.com.pe\/2025\/bantotal\/","name":"Bantotal - DPSTech","isPartOf":{"@id":"https:\/\/dpstech.com.pe\/2025\/#website"},"datePublished":"2025-05-30T02:05:39+00:00","dateModified":"2025-05-31T00:02:05+00:00","breadcrumb":{"@id":"https:\/\/dpstech.com.pe\/2025\/bantotal\/#breadcrumb"},"inLanguage":"es","potentialAction":[{"@type":"ReadAction","target":["https:\/\/dpstech.com.pe\/2025\/bantotal\/"]}]},{"@type":"BreadcrumbList","@id":"https:\/\/dpstech.com.pe\/2025\/bantotal\/#breadcrumb","itemListElement":[{"@type":"ListItem","position":1,"name":"Home","item":"https:\/\/dpstech.com.pe\/2025\/"},{"@type":"ListItem","position":2,"name":"Bantotal"}]},{"@type":"WebSite","@id":"https:\/\/dpstech.com.pe\/2025\/#website","url":"https:\/\/dpstech.com.pe\/2025\/","name":"DPSTech","description":"","publisher":{"@id":"https:\/\/dpstech.com.pe\/2025\/#organization"},"potentialAction":[{"@type":"SearchAction","target":{"@type":"EntryPoint","urlTemplate":"https:\/\/dpstech.com.pe\/2025\/?s={search_term_string}"},"query-input":{"@type":"PropertyValueSpecification","valueRequired":true,"valueName":"search_term_string"}}],"inLanguage":"es"},{"@type":"Organization","@id":"https:\/\/dpstech.com.pe\/2025\/#organization","name":"DPSTech","url":"https:\/\/dpstech.com.pe\/2025\/","logo":{"@type":"ImageObject","inLanguage":"es","@id":"https:\/\/dpstech.com.pe\/2025\/#\/schema\/logo\/image\/","url":"https:\/\/dpstech.com.pe\/2025\/wp-content\/uploads\/2025\/01\/logo-dpstech-1.png","contentUrl":"https:\/\/dpstech.com.pe\/2025\/wp-content\/uploads\/2025\/01\/logo-dpstech-1.png","width":1000,"height":160,"caption":"DPSTech"},"image":{"@id":"https:\/\/dpstech.com.pe\/2025\/#\/schema\/logo\/image\/"}}]}},"_links":{"self":[{"href":"https:\/\/dpstech.com.pe\/2025\/wp-json\/wp\/v2\/pages\/7937","targetHints":{"allow":["GET"]}}],"collection":[{"href":"https:\/\/dpstech.com.pe\/2025\/wp-json\/wp\/v2\/pages"}],"about":[{"href":"https:\/\/dpstech.com.pe\/2025\/wp-json\/wp\/v2\/types\/page"}],"author":[{"embeddable":true,"href":"https:\/\/dpstech.com.pe\/2025\/wp-json\/wp\/v2\/users\/2"}],"replies":[{"embeddable":true,"href":"https:\/\/dpstech.com.pe\/2025\/wp-json\/wp\/v2\/comments?post=7937"}],"version-history":[{"count":22,"href":"https:\/\/dpstech.com.pe\/2025\/wp-json\/wp\/v2\/pages\/7937\/revisions"}],"predecessor-version":[{"id":7997,"href":"https:\/\/dpstech.com.pe\/2025\/wp-json\/wp\/v2\/pages\/7937\/revisions\/7997"}],"wp:attachment":[{"href":"https:\/\/dpstech.com.pe\/2025\/wp-json\/wp\/v2\/media?parent=7937"}],"curies":[{"name":"wp","href":"https:\/\/api.w.org\/{rel}","templated":true}]}}