{"id":7935,"date":"2025-05-30T02:07:56","date_gmt":"2025-05-30T02:07:56","guid":{"rendered":"https:\/\/dpstech.com.pe\/2025\/?page_id=7935"},"modified":"2025-05-30T02:07:56","modified_gmt":"2025-05-30T02:07:56","slug":"genexus","status":"publish","type":"page","link":"https:\/\/dpstech.com.pe\/2025\/genexus\/","title":{"rendered":"Genexus"},"content":{"rendered":"<div class=\"wpb-content-wrapper\"><p>[vc_row full_width=&#8221;stretch_row&#8221; equal_height=&#8221;yes&#8221; content_placement=&#8221;middle&#8221; css=&#8221;.vc_custom_1738110840853{margin-top: 130px !important;padding-top: 130px !important;padding-bottom: 130px !important;background-color: #F6F6F6 !important;}&#8221;][vc_column width=&#8221;1\/2&#8243; css=&#8221;.vc_custom_1738110814920{padding-right: 80px !important;padding-left: 80px !important;}&#8221;][vc_column_text css=&#8221;&#8221;]<\/p>\n<p style=\"text-align: right;\">Plataforma Low-Code<\/p>\n<p>[\/vc_column_text]<header class=\"kd-section-title col-lg-12 text-right    \" ><h1 class=\"separator_off\" >\u00a1Descubre ahora GeneXus Next!<\/h1><p class=\"subtitle \" >Construye y evoluciona Sistemas Empresariales Inteligentes con GeneXus Next, la edici\u00f3n m\u00e1s reciente y avanzada de nuestra plataforma de Desarrollo de Software Low-Code.<\/p><\/header>[vc_btn title=&#8221;Explora GeneXus Next&#8221; style=&#8221;flat&#8221; shape=&#8221;square&#8221; align=&#8221;right&#8221; css=&#8221;&#8221; link=&#8221;url:https%3A%2F%2Fwww.genexus.com%2Fes%2Fproductos%2Fgenexus|target:_blank&#8221;][\/vc_column][vc_column width=&#8221;1\/2&#8243;][vc_single_image image=&#8221;7877&#8243; img_size=&#8221;full&#8221; css=&#8221;&#8221;][\/vc_column][\/vc_row][vc_row full_width=&#8221;stretch_row&#8221; equal_height=&#8221;yes&#8221; content_placement=&#8221;middle&#8221; css=&#8221;.vc_custom_1737938651602{padding-top: 130px !important;padding-bottom: 130px !important;background-color: #F7694A !important;}&#8221;][vc_column width=&#8221;1\/2&#8243; css=&#8221;.vc_custom_1737938581268{padding-right: 80px !important;padding-left: 80px !important;}&#8221;][vc_single_image image=&#8221;7878&#8243; img_size=&#8221;full&#8221; css=&#8221;&#8221;][\/vc_column][vc_column width=&#8221;1\/2&#8243;][vc_column_text css=&#8221;&#8221;]<\/p>\n<p style=\"text-align: left;\"><span style=\"color: #ffffff;\">Free BPM Modeling Tool<\/span><\/p>\n<p>[\/vc_column_text]<header class=\"kd-section-title col-lg-12 text-left    \" ><h1 class=\"separator_off\" style=\"color: #FFFFFF;\">GeneXus&#x2122; Business Process Modeler<\/h1><p class=\"subtitle \" style=\"color: #FFFFFF;\">Modele sus procesos de negocio en minutos. GeneXus&#x2122; Business Process Modeler le permite modelar, optimizar y exportar sus procesos de forma r\u00e1pida para potenciar el desempe\u00f1o de su empresa.<\/p><\/header>[vc_btn title=&#8221;\u00bfEstas listo para probar?&#8221; style=&#8221;flat&#8221; shape=&#8221;square&#8221; align=&#8221;left&#8221; css=&#8221;&#8221; link=&#8221;url:https%3A%2F%2Fwww.genexus.com%2Fes%2Fproductos%2Fbpm-business-process-modeler|target:_blank&#8221;][\/vc_column][\/vc_row][vc_row full_width=&#8221;stretch_row&#8221; equal_height=&#8221;yes&#8221; content_placement=&#8221;middle&#8221; css=&#8221;.vc_custom_1737938760312{padding-top: 130px !important;padding-bottom: 130px !important;background-color: #D9506C !important;}&#8221;][vc_column width=&#8221;1\/2&#8243; css=&#8221;.vc_custom_1737938581268{padding-right: 80px !important;padding-left: 80px !important;}&#8221;][vc_column_text css=&#8221;&#8221;]<\/p>\n<p style=\"text-align: right;\"><span style=\"color: #ffffff;\">Testing automatizado<\/span><\/p>\n<p>[\/vc_column_text]<header class=\"kd-section-title col-lg-12 text-right    \" ><h1 class=\"separator_off\" style=\"color: #FFFFFF;\">Testing automatizado para mejores aplicaciones<\/h1><p class=\"subtitle \" style=\"color: #FFFFFF;\">Detecta fallas en forma temprana y reduce tus tiempos en el ciclo de desarrollo ejecutando pruebas en tu pipeline, logrando integraci\u00f3n y entrega continua. GXtest te permite probar diferentes componentes de tu aplicaci\u00f3n, desde procesos batch a interfaces de usuario.<\/p><\/header>[vc_btn title=&#8221;\u00bfEstas listo para probar?&#8221; style=&#8221;flat&#8221; shape=&#8221;square&#8221; align=&#8221;right&#8221; css=&#8221;&#8221; link=&#8221;url:https%3A%2F%2Fwww.genexus.com%2Fes%2Fproductos%2Fgxtest|target:_blank&#8221;][\/vc_column][vc_column width=&#8221;1\/2&#8243;][vc_single_image image=&#8221;7882&#8243; img_size=&#8221;full&#8221; css=&#8221;&#8221;][\/vc_column][\/vc_row][vc_row full_width=&#8221;stretch_row&#8221; equal_height=&#8221;yes&#8221; content_placement=&#8221;middle&#8221; css=&#8221;.vc_custom_1737939093460{padding-top: 130px !important;padding-bottom: 130px !important;background-color: #BB50AA !important;}&#8221;][vc_column width=&#8221;1\/2&#8243; css=&#8221;.vc_custom_1737938581268{padding-right: 80px !important;padding-left: 80px !important;}&#8221;][vc_single_image image=&#8221;7880&#8243; img_size=&#8221;full&#8221; css=&#8221;&#8221;][\/vc_column][vc_column width=&#8221;1\/2&#8243;][vc_column_text css=&#8221;&#8221;]<\/p>\n<p style=\"text-align: left;\"><span style=\"color: #ffffff;\">Facilidad para crear reportes, mejores decisiones<\/span><\/p>\n<p>[\/vc_column_text]<header class=\"kd-section-title col-lg-12 text-left    \" ><h1 class=\"separator_off\" style=\"color: #FFFFFF;\">Herramientas de Reporte y An\u00e1lisis<\/h1><p class=\"subtitle \" style=\"color: #FFFFFF;\">Visualiza y analiza la informaci\u00f3n de tu negocio con GeneXus&#x2122; Query, la herramienta para reportes de GeneXus&#x2122;. Su pr\u00e1ctico sistema \u201cdrag &amp; drop\u201d de filtros y variables permite obtener los datos necesarios para tomar decisiones m\u00e1s acertadas.<\/p><\/header>[vc_btn title=&#8221;\u00bfEstas listo para probar?&#8221; style=&#8221;flat&#8221; shape=&#8221;square&#8221; align=&#8221;left&#8221; css=&#8221;&#8221; link=&#8221;url:https%3A%2F%2Fwww.genexus.com%2Fes%2Fproductos%2Fgxquery|target:_blank&#8221;][\/vc_column][\/vc_row][vc_row full_width=&#8221;stretch_row&#8221; equal_height=&#8221;yes&#8221; content_placement=&#8221;middle&#8221; css=&#8221;.vc_custom_1737939358368{padding-top: 130px !important;padding-bottom: 130px !important;background-color: #6C48C9 !important;}&#8221;][vc_column width=&#8221;1\/2&#8243; css=&#8221;.vc_custom_1737938581268{padding-right: 80px !important;padding-left: 80px !important;}&#8221;][vc_column_text css=&#8221;&#8221;]<\/p>\n<p style=\"text-align: right;\"><span style=\"color: #ffffff;\">Colaboraci\u00f3n, Versionado, Despliegue y Control<\/span><\/p>\n<p>[\/vc_column_text]<header class=\"kd-section-title col-lg-12 text-right    \" ><h1 class=\"separator_off\" style=\"color: #FFFFFF;\">DevOps con GeneXus Server<\/h1><p class=\"subtitle \" style=\"color: #FFFFFF;\">Acelera el desarrollo de software utilizando GeneXus&#x2122; Server. Manejo de versiones e integraci\u00f3n de conocimientos automatizada, manteniendo la soluci\u00f3n completa en el servidor.<\/p><\/header>[vc_btn title=&#8221;\u00bfEstas listo para probar?&#8221; style=&#8221;flat&#8221; shape=&#8221;square&#8221; align=&#8221;right&#8221; css=&#8221;&#8221; link=&#8221;url:https%3A%2F%2Fwww.genexus.com%2Fes%2Fproductos%2Facelera-el-desarrollo|target:_blank&#8221;][\/vc_column][vc_column width=&#8221;1\/2&#8243;][vc_single_image image=&#8221;7881&#8243; img_size=&#8221;full&#8221; css=&#8221;&#8221;][\/vc_column][\/vc_row][vc_row equal_height=&#8221;yes&#8221; content_placement=&#8221;middle&#8221; css=&#8221;.vc_custom_1737938145793{margin-top: 130px !important;margin-bottom: 130px !important;}&#8221;][vc_column width=&#8221;1\/2&#8243; css=&#8221;.vc_custom_1737940084621{padding-right: 80px !important;padding-left: 80px !important;}&#8221;][vc_column_text css=&#8221;&#8221;]<\/p>\n<p style=\"text-align: right;\">Acelera el desarrollo de soluciones de IA<\/p>\n<p>[\/vc_column_text]<header class=\"kd-section-title col-lg-12 text-right    \" ><h1 class=\"separator_off\" >GeneXus Enterprise AI ahora es Globant Enterprise AI<\/h1><p class=\"subtitle \" >\u00a1GeneXus Enterprise AI da un paso m\u00e1s! Esta plataforma agn\u00f3stica, que permite a las empresas integrar y aprovechar el poder de los Large Language Models (LLMs) de manera controlada y segura, ahora inicia una nueva etapa bajo el nombre Globant Enterprise AI.<\/p><\/header>[vc_btn title=&#8221;Explora GeneXus Enterprise AI&#8221; style=&#8221;flat&#8221; shape=&#8221;square&#8221; align=&#8221;right&#8221; css=&#8221;&#8221; link=&#8221;url:https%3A%2F%2Fwww.genexus.com%2Fen%2Fproducts%2Fglobant-enterprise-ai|target:_blank&#8221;][\/vc_column][vc_column width=&#8221;1\/2&#8243;][vc_single_image image=&#8221;7892&#8243; img_size=&#8221;full&#8221; css=&#8221;&#8221;][\/vc_column][\/vc_row][vc_row full_width=&#8221;stretch_row&#8221; equal_height=&#8221;yes&#8221; content_placement=&#8221;middle&#8221; css=&#8221;.vc_custom_1738713382239{padding-top: 130px !important;padding-bottom: 130px !important;background-color: #AF7CFF !important;}&#8221;][vc_column width=&#8221;1\/2&#8243; css=&#8221;.vc_custom_1737938581268{padding-right: 80px !important;padding-left: 80px !important;}&#8221;][vc_single_image image=&#8221;7885&#8243; img_size=&#8221;full&#8221; css=&#8221;&#8221;][\/vc_column][vc_column width=&#8221;1\/2&#8243;][vc_column_text css=&#8221;&#8221;]<\/p>\n<p style=\"text-align: left;\"><span style=\"color: #ffffff;\">Es hora de potenciar tu negocio con Super Apps<\/span><\/p>\n<p>[\/vc_column_text]<header class=\"kd-section-title col-lg-12 text-left    \" ><h1 class=\"separator_off\" style=\"color: #FFFFFF;\">GeneXus para Super Apps<\/h1><p class=\"subtitle \" style=\"color: #FFFFFF;\">\u00bfTe gustar\u00eda convertir tu aplicaci\u00f3n iOS o Android en una Super App o crear una desde cero? GeneXus es la primera y \u00fanica plataforma de desarrollo Low-Code que te permite escalar tu negocio al agregar nuevas fuentes de ingresos en tu aplicaci\u00f3n actual, alcanzando una adopci\u00f3n masiva.<\/p><\/header>[vc_btn title=&#8221;\u00bfEstas listo para probar?&#8221; style=&#8221;flat&#8221; shape=&#8221;square&#8221; align=&#8221;left&#8221; css=&#8221;&#8221; link=&#8221;url:https%3A%2F%2Fwww.genexus.com%2Fes%2Fproductos%2Fsuper-apps|target:_blank&#8221;][\/vc_column][\/vc_row][vc_row full_width=&#8221;stretch_row&#8221; equal_height=&#8221;yes&#8221; content_placement=&#8221;middle&#8221; css=&#8221;.vc_custom_1737940387987{padding-top: 130px !important;padding-bottom: 130px !important;background-color: #EE6566 !important;}&#8221;][vc_column width=&#8221;1\/2&#8243; css=&#8221;.vc_custom_1737938581268{padding-right: 80px !important;padding-left: 80px !important;}&#8221;][vc_column_text css=&#8221;&#8221;]<\/p>\n<p style=\"text-align: right;\"><span style=\"color: #ffffff;\">Cree sitios web a medida, sin programar<br \/>\n<\/span>[\/vc_column_text]<header class=\"kd-section-title col-lg-12 text-right    \" ><h1 class=\"separator_off\" style=\"color: #FFFFFF;\">Content Management System<\/h1><p class=\"subtitle \" style=\"color: #FFFFFF;\">GXportal es una poderosa herramienta web de bajo costo, que permite dise\u00f1ar, desarrollar y alojar sitios web profesionales, sin conocimientos de programaci\u00f3n, base de datos o servidores.<\/p><\/header>[vc_btn title=&#8221;\u00bfEstas listo para probar?&#8221; style=&#8221;flat&#8221; shape=&#8221;square&#8221; align=&#8221;right&#8221; css=&#8221;&#8221; link=&#8221;url:https%3A%2F%2Fwww.genexus.com%2Fes%2Fproductos%2Fcree-sitios-a-medida|target:_blank&#8221;][\/vc_column][vc_column width=&#8221;1\/2&#8243;][vc_single_image image=&#8221;7879&#8243; img_size=&#8221;full&#8221; css=&#8221;&#8221;][\/vc_column][\/vc_row][vc_row full_width=&#8221;stretch_row&#8221; equal_height=&#8221;yes&#8221; content_placement=&#8221;middle&#8221; css=&#8221;.vc_custom_1737939513985{padding-top: 130px !important;padding-bottom: 0px !important;background-color: #131921 !important;}&#8221;][vc_column width=&#8221;1\/2&#8243; css=&#8221;.vc_custom_1737938581268{padding-right: 80px !important;padding-left: 80px !important;}&#8221;][vc_single_image image=&#8221;7884&#8243; img_size=&#8221;full&#8221; css=&#8221;&#8221;][\/vc_column][vc_column width=&#8221;1\/2&#8243;][vc_column_text css=&#8221;&#8221;]<\/p>\n<p style=\"text-align: left;\"><span style=\"color: #ffffff;\">Acelera la innovaci\u00f3n<\/span><\/p>\n<p>[\/vc_column_text]<header class=\"kd-section-title col-lg-12 text-left    \" ><h1 class=\"separator_off\" style=\"color: #FFFFFF;\">GeneXus es Low-Code para SAP\u00ae Systems<\/h1><p class=\"subtitle \" style=\"color: #FFFFFF;\">Utiliza la forma m\u00e1s r\u00e1pida de desarrollar aplicaciones nativas personalizadas que usan Machine Learning, se integran a SAP S\/4HANA\u00ae y corren en SAP Business Technology Platform.<\/p><\/header>[vc_btn title=&#8221;\u00bfEstas listo para probar?&#8221; style=&#8221;flat&#8221; shape=&#8221;square&#8221; align=&#8221;left&#8221; css=&#8221;&#8221; link=&#8221;url:https%3A%2F%2Fwww.genexus.com%2Fes%2Fproductos%2Fgenexus%2Fgenexus-for-sap-systems|target:_blank&#8221;][\/vc_column][\/vc_row]<\/p>\n<\/div>","protected":false},"excerpt":{"rendered":"<p>[vc_row full_width=&#8221;stretch_row&#8221; equal_height=&#8221;yes&#8221; content_placement=&#8221;middle&#8221; css=&#8221;.vc_custom_1738110840853{margin-top: 130px !important;padding-top: 130px !important;padding-bottom: 130px !important;background-color: #F6F6F6 !important;}&#8221;][vc_column width=&#8221;1\/2&#8243; css=&#8221;.vc_custom_1738110814920{padding-right: 80px !important;padding-left: 80px !important;}&#8221;][vc_column_text css=&#8221;&#8221;] [&hellip;]<\/p>\n","protected":false},"author":2,"featured_media":0,"parent":0,"menu_order":0,"comment_status":"closed","ping_status":"closed","template":"","meta":{"footnotes":""},"class_list":["post-7935","page","type-page","status-publish","hentry"],"yoast_head":"<!-- This site is optimized with the Yoast SEO plugin v27.1.1 - https:\/\/yoast.com\/product\/yoast-seo-wordpress\/ -->\n<title>Genexus - DPSTech<\/title>\n<meta name=\"robots\" content=\"index, follow, max-snippet:-1, max-image-preview:large, max-video-preview:-1\" \/>\n<link rel=\"canonical\" href=\"https:\/\/dpstech.com.pe\/2025\/genexus\/\" \/>\n<meta property=\"og:locale\" content=\"es_ES\" \/>\n<meta property=\"og:type\" content=\"article\" \/>\n<meta property=\"og:title\" content=\"Genexus - DPSTech\" \/>\n<meta property=\"og:description\" content=\"[vc_row full_width=&#8221;stretch_row&#8221; equal_height=&#8221;yes&#8221; content_placement=&#8221;middle&#8221; css=&#8221;.vc_custom_1738110840853{margin-top: 130px !important;padding-top: 130px !important;padding-bottom: 130px !important;background-color: #F6F6F6 !important;}&#8221;][vc_column width=&#8221;1\/2&#8243; css=&#8221;.vc_custom_1738110814920{padding-right: 80px !important;padding-left: 80px !important;}&#8221;][vc_column_text css=&#8221;&#8221;] [&hellip;]\" \/>\n<meta property=\"og:url\" content=\"https:\/\/dpstech.com.pe\/2025\/genexus\/\" \/>\n<meta property=\"og:site_name\" content=\"DPSTech\" \/>\n<meta property=\"og:image\" content=\"https:\/\/dpstech.com.pe\/2025\/wp-content\/uploads\/2025\/01\/logo-dpstech-1.png\" \/>\n\t<meta property=\"og:image:width\" content=\"1000\" \/>\n\t<meta property=\"og:image:height\" content=\"160\" \/>\n\t<meta property=\"og:image:type\" content=\"image\/png\" \/>\n<meta name=\"twitter:card\" content=\"summary_large_image\" \/>\n<meta name=\"twitter:label1\" content=\"Tiempo de lectura\" \/>\n\t<meta name=\"twitter:data1\" content=\"7 minutos\" \/>\n<script type=\"application\/ld+json\" class=\"yoast-schema-graph\">{\"@context\":\"https:\/\/schema.org\",\"@graph\":[{\"@type\":\"WebPage\",\"@id\":\"https:\/\/dpstech.com.pe\/2025\/genexus\/\",\"url\":\"https:\/\/dpstech.com.pe\/2025\/genexus\/\",\"name\":\"Genexus - DPSTech\",\"isPartOf\":{\"@id\":\"https:\/\/dpstech.com.pe\/2025\/#website\"},\"datePublished\":\"2025-05-30T02:07:56+00:00\",\"breadcrumb\":{\"@id\":\"https:\/\/dpstech.com.pe\/2025\/genexus\/#breadcrumb\"},\"inLanguage\":\"es\",\"potentialAction\":[{\"@type\":\"ReadAction\",\"target\":[\"https:\/\/dpstech.com.pe\/2025\/genexus\/\"]}]},{\"@type\":\"BreadcrumbList\",\"@id\":\"https:\/\/dpstech.com.pe\/2025\/genexus\/#breadcrumb\",\"itemListElement\":[{\"@type\":\"ListItem\",\"position\":1,\"name\":\"Home\",\"item\":\"https:\/\/dpstech.com.pe\/2025\/\"},{\"@type\":\"ListItem\",\"position\":2,\"name\":\"Genexus\"}]},{\"@type\":\"WebSite\",\"@id\":\"https:\/\/dpstech.com.pe\/2025\/#website\",\"url\":\"https:\/\/dpstech.com.pe\/2025\/\",\"name\":\"DPSTech\",\"description\":\"\",\"publisher\":{\"@id\":\"https:\/\/dpstech.com.pe\/2025\/#organization\"},\"potentialAction\":[{\"@type\":\"SearchAction\",\"target\":{\"@type\":\"EntryPoint\",\"urlTemplate\":\"https:\/\/dpstech.com.pe\/2025\/?s={search_term_string}\"},\"query-input\":{\"@type\":\"PropertyValueSpecification\",\"valueRequired\":true,\"valueName\":\"search_term_string\"}}],\"inLanguage\":\"es\"},{\"@type\":\"Organization\",\"@id\":\"https:\/\/dpstech.com.pe\/2025\/#organization\",\"name\":\"DPSTech\",\"url\":\"https:\/\/dpstech.com.pe\/2025\/\",\"logo\":{\"@type\":\"ImageObject\",\"inLanguage\":\"es\",\"@id\":\"https:\/\/dpstech.com.pe\/2025\/#\/schema\/logo\/image\/\",\"url\":\"https:\/\/dpstech.com.pe\/2025\/wp-content\/uploads\/2025\/01\/logo-dpstech-1.png\",\"contentUrl\":\"https:\/\/dpstech.com.pe\/2025\/wp-content\/uploads\/2025\/01\/logo-dpstech-1.png\",\"width\":1000,\"height\":160,\"caption\":\"DPSTech\"},\"image\":{\"@id\":\"https:\/\/dpstech.com.pe\/2025\/#\/schema\/logo\/image\/\"}}]}<\/script>\n<!-- \/ Yoast SEO plugin. -->","yoast_head_json":{"title":"Genexus - DPSTech","robots":{"index":"index","follow":"follow","max-snippet":"max-snippet:-1","max-image-preview":"max-image-preview:large","max-video-preview":"max-video-preview:-1"},"canonical":"https:\/\/dpstech.com.pe\/2025\/genexus\/","og_locale":"es_ES","og_type":"article","og_title":"Genexus - DPSTech","og_description":"[vc_row full_width=&#8221;stretch_row&#8221; equal_height=&#8221;yes&#8221; content_placement=&#8221;middle&#8221; css=&#8221;.vc_custom_1738110840853{margin-top: 130px !important;padding-top: 130px !important;padding-bottom: 130px !important;background-color: #F6F6F6 !important;}&#8221;][vc_column width=&#8221;1\/2&#8243; css=&#8221;.vc_custom_1738110814920{padding-right: 80px !important;padding-left: 80px !important;}&#8221;][vc_column_text css=&#8221;&#8221;] [&hellip;]","og_url":"https:\/\/dpstech.com.pe\/2025\/genexus\/","og_site_name":"DPSTech","og_image":[{"width":1000,"height":160,"url":"https:\/\/dpstech.com.pe\/2025\/wp-content\/uploads\/2025\/01\/logo-dpstech-1.png","type":"image\/png"}],"twitter_card":"summary_large_image","twitter_misc":{"Tiempo de lectura":"7 minutos"},"schema":{"@context":"https:\/\/schema.org","@graph":[{"@type":"WebPage","@id":"https:\/\/dpstech.com.pe\/2025\/genexus\/","url":"https:\/\/dpstech.com.pe\/2025\/genexus\/","name":"Genexus - DPSTech","isPartOf":{"@id":"https:\/\/dpstech.com.pe\/2025\/#website"},"datePublished":"2025-05-30T02:07:56+00:00","breadcrumb":{"@id":"https:\/\/dpstech.com.pe\/2025\/genexus\/#breadcrumb"},"inLanguage":"es","potentialAction":[{"@type":"ReadAction","target":["https:\/\/dpstech.com.pe\/2025\/genexus\/"]}]},{"@type":"BreadcrumbList","@id":"https:\/\/dpstech.com.pe\/2025\/genexus\/#breadcrumb","itemListElement":[{"@type":"ListItem","position":1,"name":"Home","item":"https:\/\/dpstech.com.pe\/2025\/"},{"@type":"ListItem","position":2,"name":"Genexus"}]},{"@type":"WebSite","@id":"https:\/\/dpstech.com.pe\/2025\/#website","url":"https:\/\/dpstech.com.pe\/2025\/","name":"DPSTech","description":"","publisher":{"@id":"https:\/\/dpstech.com.pe\/2025\/#organization"},"potentialAction":[{"@type":"SearchAction","target":{"@type":"EntryPoint","urlTemplate":"https:\/\/dpstech.com.pe\/2025\/?s={search_term_string}"},"query-input":{"@type":"PropertyValueSpecification","valueRequired":true,"valueName":"search_term_string"}}],"inLanguage":"es"},{"@type":"Organization","@id":"https:\/\/dpstech.com.pe\/2025\/#organization","name":"DPSTech","url":"https:\/\/dpstech.com.pe\/2025\/","logo":{"@type":"ImageObject","inLanguage":"es","@id":"https:\/\/dpstech.com.pe\/2025\/#\/schema\/logo\/image\/","url":"https:\/\/dpstech.com.pe\/2025\/wp-content\/uploads\/2025\/01\/logo-dpstech-1.png","contentUrl":"https:\/\/dpstech.com.pe\/2025\/wp-content\/uploads\/2025\/01\/logo-dpstech-1.png","width":1000,"height":160,"caption":"DPSTech"},"image":{"@id":"https:\/\/dpstech.com.pe\/2025\/#\/schema\/logo\/image\/"}}]}},"_links":{"self":[{"href":"https:\/\/dpstech.com.pe\/2025\/wp-json\/wp\/v2\/pages\/7935","targetHints":{"allow":["GET"]}}],"collection":[{"href":"https:\/\/dpstech.com.pe\/2025\/wp-json\/wp\/v2\/pages"}],"about":[{"href":"https:\/\/dpstech.com.pe\/2025\/wp-json\/wp\/v2\/types\/page"}],"author":[{"embeddable":true,"href":"https:\/\/dpstech.com.pe\/2025\/wp-json\/wp\/v2\/users\/2"}],"replies":[{"embeddable":true,"href":"https:\/\/dpstech.com.pe\/2025\/wp-json\/wp\/v2\/comments?post=7935"}],"version-history":[{"count":2,"href":"https:\/\/dpstech.com.pe\/2025\/wp-json\/wp\/v2\/pages\/7935\/revisions"}],"predecessor-version":[{"id":7945,"href":"https:\/\/dpstech.com.pe\/2025\/wp-json\/wp\/v2\/pages\/7935\/revisions\/7945"}],"wp:attachment":[{"href":"https:\/\/dpstech.com.pe\/2025\/wp-json\/wp\/v2\/media?parent=7935"}],"curies":[{"name":"wp","href":"https:\/\/api.w.org\/{rel}","templated":true}]}}