{"id":5750,"date":"2018-10-22T13:48:22","date_gmt":"2018-10-22T13:48:22","guid":{"rendered":"https:\/\/www.ekko-wp.com\/?page_id=5750"},"modified":"2018-10-22T13:48:22","modified_gmt":"2018-10-22T13:48:22","slug":"contacto","status":"publish","type":"page","link":"https:\/\/dpstech.com.pe\/2025\/contacto\/","title":{"rendered":"Contacto"},"content":{"rendered":"<div class=\"wpb-content-wrapper\"><p>[vc_row full_width=&#8221;stretch_row&#8221; css=&#8221;.vc_custom_1738113730037{margin-top: 130px !important;padding-top: 130px !important;}&#8221; top_section_title=&#8221;&#8221; bottom_section_title=&#8221;&#8221;][vc_column css=&#8221;.vc_custom_1516095665984{padding-right: 0px !important;padding-left: 0px !important;}&#8221;][vc_row_inner css=&#8221;.vc_custom_1556019873852{padding-bottom: 0px !important;}&#8221;][vc_column_inner width=&#8221;1\/2&#8243; css=&#8221;.vc_custom_1519832372870{padding-bottom: 100px !important;padding-left: 15px !important;}&#8221; offset=&#8221;vc_col-lg-6 vc_col-md-12&#8243;][vc_raw_html css=&#8221;&#8221;]JTNDaWZyYW1lJTIwc3JjJTNEJTIyaHR0cHMlM0ElMkYlMkZ3d3cuZ29vZ2xlLmNvbSUyRm1hcHMlMkZlbWJlZCUzRnBiJTNEJTIxMW0xNCUyMTFtOCUyMTFtMyUyMTFkMTkyMDAuMDU3ODE2NzU5NDU4JTIxMmQtNzcuMDM5NjM3MDAwMDAwMDElMjEzZC0xMi4xMTQ2MDclMjEzbTIlMjExaTEwMjQlMjEyaTc2OCUyMTRmMTMuMSUyMTNtMyUyMTFtMiUyMTFzMHg5MTA1YzgzZDVkOGM3NDlmJTI1M0EweDY5ZTQ1MTdhMmM1YmM2YWElMjEyc0MuJTI1MjAyJTI1MjBkZSUyNTIwTWF5byUyNTIwNTE2JTI1MkMlMjUyME1pcmFmbG9yZXMlMjUyMDE1MDc0JTI1MkMlMjUyMFBlciUyNUMzJTI1QkElMjE1ZTElMjEzbTIlMjExc2VzLTQxOSUyMTJzdXMlMjE0djE3MzgxMTM2MjQwNDElMjE1bTIlMjExc2VzLTQxOSUyMTJzdXMlMjIlMjB3aWR0aCUzRCUyMjgwMCUyMiUyMGhlaWdodCUzRCUyMjYwMCUyMiUyMHN0eWxlJTNEJTIyYm9yZGVyJTNBMCUzQiUyMiUyMGFsbG93ZnVsbHNjcmVlbiUzRCUyMiUyMiUyMGxvYWRpbmclM0QlMjJsYXp5JTIyJTIwcmVmZXJyZXJwb2xpY3klM0QlMjJuby1yZWZlcnJlci13aGVuLWRvd25ncmFkZSUyMiUzRSUzQyUyRmlmcmFtZSUzRQ==[\/vc_raw_html][\/vc_column_inner][vc_column_inner width=&#8221;1\/2&#8243; css=&#8221;.vc_custom_1519832395134{padding-right: 15px !important;padding-bottom: 50px !important;padding-left: 80px !important;}&#8221; offset=&#8221;vc_col-lg-6 vc_col-md-12&#8243;]<header class=\"kd-section-title col-lg-12 text-left    \" ><h1 class=\"separator_off\" >Contacto<\/h1><p class=\"subtitle \" >Complet\u00e1 el formulario a continuaci\u00f3n y nos comunicaremos a la brevedad. Intentamos responder todas las consultas dentro de las 24 horas en d\u00edas h\u00e1biles.<\/p><\/header><header class=\"kd-section-title col-lg-12 text-left    \" ><p class=\"subtitle \" >Calle 2 de Mayo 516 - Oficina 704 - Miraflores 15074 - Lima Per\u00fa<\/p><\/header><div class=\"kd-contact-form full-width-cf white-input-bg\" >\n<div class=\"wpcf7 no-js\" id=\"wpcf7-f5208-o1\" lang=\"en-US\" dir=\"ltr\" data-wpcf7-id=\"5208\">\n<div class=\"screen-reader-response\"><p role=\"status\" aria-live=\"polite\" aria-atomic=\"true\"><\/p> <ul><\/ul><\/div>\n<form action=\"\/2025\/wp-json\/wp\/v2\/pages\/5750#wpcf7-f5208-o1\" method=\"post\" class=\"wpcf7-form init\" aria-label=\"Contact form\" novalidate=\"novalidate\" data-status=\"init\">\n<fieldset class=\"hidden-fields-container\"><input type=\"hidden\" name=\"_wpcf7\" value=\"5208\" \/><input type=\"hidden\" name=\"_wpcf7_version\" value=\"6.1.5\" \/><input type=\"hidden\" name=\"_wpcf7_locale\" value=\"en_US\" \/><input type=\"hidden\" name=\"_wpcf7_unit_tag\" value=\"wpcf7-f5208-o1\" \/><input type=\"hidden\" name=\"_wpcf7_container_post\" value=\"0\" \/><input type=\"hidden\" name=\"_wpcf7_posted_data_hash\" value=\"\" \/>\n<\/fieldset>\n<p><span class=\"wpcf7-form-control-wrap\" data-name=\"your-name\"><input size=\"40\" maxlength=\"400\" class=\"wpcf7-form-control wpcf7-text wpcf7-validates-as-required\" aria-required=\"true\" aria-invalid=\"false\" placeholder=\"Nombre\" value=\"\" type=\"text\" name=\"your-name\" \/><\/span><br \/>\n<span class=\"wpcf7-form-control-wrap\" data-name=\"your-email\"><input size=\"40\" maxlength=\"400\" class=\"wpcf7-form-control wpcf7-email wpcf7-validates-as-required wpcf7-text wpcf7-validates-as-email\" aria-required=\"true\" aria-invalid=\"false\" placeholder=\"Email\" value=\"\" type=\"email\" name=\"your-email\" \/><\/span><br \/>\n<span class=\"wpcf7-form-control-wrap\" data-name=\"your-message\"><textarea cols=\"40\" rows=\"10\" maxlength=\"2000\" class=\"wpcf7-form-control wpcf7-textarea\" aria-invalid=\"false\" placeholder=\"Mensaje\" name=\"your-message\"><\/textarea><\/span><br \/>\n<input class=\"wpcf7-form-control wpcf7-submit has-spinner\" type=\"submit\" value=\"Enviar\" \/>\n<\/p><div class=\"wpcf7-response-output\" aria-hidden=\"true\"><\/div>\n<\/form>\n<\/div>\n<\/div>[\/vc_column_inner][\/vc_row_inner][\/vc_column][\/vc_row]<\/p>\n<\/div>","protected":false},"excerpt":{"rendered":"<p>[vc_row full_width=&#8221;stretch_row&#8221; css=&#8221;.vc_custom_1738113730037{margin-top: 130px !important;padding-top: 130px !important;}&#8221; top_section_title=&#8221;&#8221; bottom_section_title=&#8221;&#8221;][vc_column css=&#8221;.vc_custom_1516095665984{padding-right: 0px !important;padding-left: 0px !important;}&#8221;][vc_row_inner css=&#8221;.vc_custom_1556019873852{padding-bottom: 0px !important;}&#8221;][vc_column_inner width=&#8221;1\/2&#8243; css=&#8221;.vc_custom_1519832372870{padding-bottom: 100px [&hellip;]<\/p>\n","protected":false},"author":2,"featured_media":0,"parent":0,"menu_order":0,"comment_status":"closed","ping_status":"closed","template":"","meta":{"footnotes":""},"class_list":["post-5750","page","type-page","status-publish","hentry"],"yoast_head":"<!-- This site is optimized with the Yoast SEO plugin v27.1.1 - https:\/\/yoast.com\/product\/yoast-seo-wordpress\/ -->\n<title>Contacto - DPSTech<\/title>\n<meta name=\"robots\" content=\"index, follow, max-snippet:-1, max-image-preview:large, max-video-preview:-1\" \/>\n<link rel=\"canonical\" href=\"https:\/\/dpstech.com.pe\/2025\/contacto\/\" \/>\n<meta property=\"og:locale\" content=\"es_ES\" \/>\n<meta property=\"og:type\" content=\"article\" \/>\n<meta property=\"og:title\" content=\"Contacto - DPSTech\" \/>\n<meta property=\"og:description\" content=\"[vc_row full_width=&#8221;stretch_row&#8221; css=&#8221;.vc_custom_1738113730037{margin-top: 130px !important;padding-top: 130px !important;}&#8221; top_section_title=&#8221;&#8221; bottom_section_title=&#8221;&#8221;][vc_column css=&#8221;.vc_custom_1516095665984{padding-right: 0px !important;padding-left: 0px !important;}&#8221;][vc_row_inner css=&#8221;.vc_custom_1556019873852{padding-bottom: 0px !important;}&#8221;][vc_column_inner width=&#8221;1\/2&#8243; css=&#8221;.vc_custom_1519832372870{padding-bottom: 100px [&hellip;]\" \/>\n<meta property=\"og:url\" content=\"https:\/\/dpstech.com.pe\/2025\/contacto\/\" \/>\n<meta property=\"og:site_name\" content=\"DPSTech\" \/>\n<meta property=\"og:image\" content=\"https:\/\/dpstech.com.pe\/2025\/wp-content\/uploads\/2025\/01\/logo-dpstech-1.png\" \/>\n\t<meta property=\"og:image:width\" content=\"1000\" \/>\n\t<meta property=\"og:image:height\" content=\"160\" \/>\n\t<meta property=\"og:image:type\" content=\"image\/png\" \/>\n<meta name=\"twitter:card\" content=\"summary_large_image\" \/>\n<meta name=\"twitter:label1\" content=\"Tiempo de lectura\" \/>\n\t<meta name=\"twitter:data1\" content=\"1 minuto\" \/>\n<script type=\"application\/ld+json\" class=\"yoast-schema-graph\">{\"@context\":\"https:\/\/schema.org\",\"@graph\":[{\"@type\":\"WebPage\",\"@id\":\"https:\/\/dpstech.com.pe\/2025\/contacto\/\",\"url\":\"https:\/\/dpstech.com.pe\/2025\/contacto\/\",\"name\":\"Contacto - DPSTech\",\"isPartOf\":{\"@id\":\"https:\/\/dpstech.com.pe\/2025\/#website\"},\"datePublished\":\"2018-10-22T13:48:22+00:00\",\"breadcrumb\":{\"@id\":\"https:\/\/dpstech.com.pe\/2025\/contacto\/#breadcrumb\"},\"inLanguage\":\"es\",\"potentialAction\":[{\"@type\":\"ReadAction\",\"target\":[\"https:\/\/dpstech.com.pe\/2025\/contacto\/\"]}]},{\"@type\":\"BreadcrumbList\",\"@id\":\"https:\/\/dpstech.com.pe\/2025\/contacto\/#breadcrumb\",\"itemListElement\":[{\"@type\":\"ListItem\",\"position\":1,\"name\":\"Home\",\"item\":\"https:\/\/dpstech.com.pe\/2025\/\"},{\"@type\":\"ListItem\",\"position\":2,\"name\":\"Contacto\"}]},{\"@type\":\"WebSite\",\"@id\":\"https:\/\/dpstech.com.pe\/2025\/#website\",\"url\":\"https:\/\/dpstech.com.pe\/2025\/\",\"name\":\"DPSTech\",\"description\":\"\",\"publisher\":{\"@id\":\"https:\/\/dpstech.com.pe\/2025\/#organization\"},\"potentialAction\":[{\"@type\":\"SearchAction\",\"target\":{\"@type\":\"EntryPoint\",\"urlTemplate\":\"https:\/\/dpstech.com.pe\/2025\/?s={search_term_string}\"},\"query-input\":{\"@type\":\"PropertyValueSpecification\",\"valueRequired\":true,\"valueName\":\"search_term_string\"}}],\"inLanguage\":\"es\"},{\"@type\":\"Organization\",\"@id\":\"https:\/\/dpstech.com.pe\/2025\/#organization\",\"name\":\"DPSTech\",\"url\":\"https:\/\/dpstech.com.pe\/2025\/\",\"logo\":{\"@type\":\"ImageObject\",\"inLanguage\":\"es\",\"@id\":\"https:\/\/dpstech.com.pe\/2025\/#\/schema\/logo\/image\/\",\"url\":\"https:\/\/dpstech.com.pe\/2025\/wp-content\/uploads\/2025\/01\/logo-dpstech-1.png\",\"contentUrl\":\"https:\/\/dpstech.com.pe\/2025\/wp-content\/uploads\/2025\/01\/logo-dpstech-1.png\",\"width\":1000,\"height\":160,\"caption\":\"DPSTech\"},\"image\":{\"@id\":\"https:\/\/dpstech.com.pe\/2025\/#\/schema\/logo\/image\/\"}}]}<\/script>\n<!-- \/ Yoast SEO plugin. -->","yoast_head_json":{"title":"Contacto - DPSTech","robots":{"index":"index","follow":"follow","max-snippet":"max-snippet:-1","max-image-preview":"max-image-preview:large","max-video-preview":"max-video-preview:-1"},"canonical":"https:\/\/dpstech.com.pe\/2025\/contacto\/","og_locale":"es_ES","og_type":"article","og_title":"Contacto - DPSTech","og_description":"[vc_row full_width=&#8221;stretch_row&#8221; css=&#8221;.vc_custom_1738113730037{margin-top: 130px !important;padding-top: 130px !important;}&#8221; top_section_title=&#8221;&#8221; bottom_section_title=&#8221;&#8221;][vc_column css=&#8221;.vc_custom_1516095665984{padding-right: 0px !important;padding-left: 0px !important;}&#8221;][vc_row_inner css=&#8221;.vc_custom_1556019873852{padding-bottom: 0px !important;}&#8221;][vc_column_inner width=&#8221;1\/2&#8243; css=&#8221;.vc_custom_1519832372870{padding-bottom: 100px [&hellip;]","og_url":"https:\/\/dpstech.com.pe\/2025\/contacto\/","og_site_name":"DPSTech","og_image":[{"width":1000,"height":160,"url":"https:\/\/dpstech.com.pe\/2025\/wp-content\/uploads\/2025\/01\/logo-dpstech-1.png","type":"image\/png"}],"twitter_card":"summary_large_image","twitter_misc":{"Tiempo de lectura":"1 minuto"},"schema":{"@context":"https:\/\/schema.org","@graph":[{"@type":"WebPage","@id":"https:\/\/dpstech.com.pe\/2025\/contacto\/","url":"https:\/\/dpstech.com.pe\/2025\/contacto\/","name":"Contacto - DPSTech","isPartOf":{"@id":"https:\/\/dpstech.com.pe\/2025\/#website"},"datePublished":"2018-10-22T13:48:22+00:00","breadcrumb":{"@id":"https:\/\/dpstech.com.pe\/2025\/contacto\/#breadcrumb"},"inLanguage":"es","potentialAction":[{"@type":"ReadAction","target":["https:\/\/dpstech.com.pe\/2025\/contacto\/"]}]},{"@type":"BreadcrumbList","@id":"https:\/\/dpstech.com.pe\/2025\/contacto\/#breadcrumb","itemListElement":[{"@type":"ListItem","position":1,"name":"Home","item":"https:\/\/dpstech.com.pe\/2025\/"},{"@type":"ListItem","position":2,"name":"Contacto"}]},{"@type":"WebSite","@id":"https:\/\/dpstech.com.pe\/2025\/#website","url":"https:\/\/dpstech.com.pe\/2025\/","name":"DPSTech","description":"","publisher":{"@id":"https:\/\/dpstech.com.pe\/2025\/#organization"},"potentialAction":[{"@type":"SearchAction","target":{"@type":"EntryPoint","urlTemplate":"https:\/\/dpstech.com.pe\/2025\/?s={search_term_string}"},"query-input":{"@type":"PropertyValueSpecification","valueRequired":true,"valueName":"search_term_string"}}],"inLanguage":"es"},{"@type":"Organization","@id":"https:\/\/dpstech.com.pe\/2025\/#organization","name":"DPSTech","url":"https:\/\/dpstech.com.pe\/2025\/","logo":{"@type":"ImageObject","inLanguage":"es","@id":"https:\/\/dpstech.com.pe\/2025\/#\/schema\/logo\/image\/","url":"https:\/\/dpstech.com.pe\/2025\/wp-content\/uploads\/2025\/01\/logo-dpstech-1.png","contentUrl":"https:\/\/dpstech.com.pe\/2025\/wp-content\/uploads\/2025\/01\/logo-dpstech-1.png","width":1000,"height":160,"caption":"DPSTech"},"image":{"@id":"https:\/\/dpstech.com.pe\/2025\/#\/schema\/logo\/image\/"}}]}},"_links":{"self":[{"href":"https:\/\/dpstech.com.pe\/2025\/wp-json\/wp\/v2\/pages\/5750","targetHints":{"allow":["GET"]}}],"collection":[{"href":"https:\/\/dpstech.com.pe\/2025\/wp-json\/wp\/v2\/pages"}],"about":[{"href":"https:\/\/dpstech.com.pe\/2025\/wp-json\/wp\/v2\/types\/page"}],"author":[{"embeddable":true,"href":"https:\/\/dpstech.com.pe\/2025\/wp-json\/wp\/v2\/users\/2"}],"replies":[{"embeddable":true,"href":"https:\/\/dpstech.com.pe\/2025\/wp-json\/wp\/v2\/comments?post=5750"}],"version-history":[{"count":0,"href":"https:\/\/dpstech.com.pe\/2025\/wp-json\/wp\/v2\/pages\/5750\/revisions"}],"wp:attachment":[{"href":"https:\/\/dpstech.com.pe\/2025\/wp-json\/wp\/v2\/media?parent=5750"}],"curies":[{"name":"wp","href":"https:\/\/api.w.org\/{rel}","templated":true}]}}