{"id":5724,"date":"2018-10-22T13:45:37","date_gmt":"2018-10-22T13:45:37","guid":{"rendered":"https:\/\/www.ekko-wp.com\/?page_id=5724"},"modified":"2025-12-03T18:09:54","modified_gmt":"2025-12-03T18:09:54","slug":"sobre-nosotros","status":"publish","type":"page","link":"https:\/\/dpstech.com.pe\/2025\/sobre-nosotros\/","title":{"rendered":"Sobre nosotros"},"content":{"rendered":"<div class=\"wpb-content-wrapper\"><p>[vc_row full_width=&#8221;stretch_row&#8221; parallax=&#8221;content-moving&#8221; css=&#8221;.vc_custom_1738113473786{margin-top: 130px !important;padding-top: 130px !important;padding-bottom: 130px !important;background-color: #FFFFFF !important;}&#8221;][vc_column][vc_row_inner][vc_column_inner width=&#8221;1\/3&#8243; offset=&#8221;vc_col-lg-4 vc_col-md-12&#8243; css=&#8221;.vc_custom_1539607714286{padding-right: 50px !important;padding-left: 0px !important;}&#8221;]<header class=\"kd-section-title col-lg-12 text-left    \" ><h1 class=\"separator_off\" >Nuestra Historia, Misi\u00f3n y Visi\u00f3n.<\/h1><\/header>[\/vc_column_inner][vc_column_inner width=&#8221;1\/3&#8243; offset=&#8221;vc_col-lg-4 vc_col-md-6&#8243;][vc_custom_heading text=&#8221;DPS Tech nace en el a\u00f1o 2015 con el objetivo de desarrollar en Per\u00fa el mercado de las herramientas de alta productividad para construir Aplicaciones de misi\u00f3n cr\u00edtica, dar sostenibilidad y trazabilidad a los proyectos de desarrollo de software.&#8221; font_container=&#8221;tag:p|font_size:16px|text_align:left&#8221; use_theme_fonts=&#8221;yes&#8221; css_animation=&#8221;none&#8221; css=&#8221;&#8221;][vc_custom_heading text=&#8221;Nuestra misi\u00f3n es fomentar el crecimiento de la comunidad GeneXus en el pa\u00eds, promoviendo herramientas y soluciones tecnol\u00f3gicas que permitan a las empresas locales maximizar su potencial y generar nuevas oportunidades de negocio en un entorno de constante transformaci\u00f3n digital.&#8221; font_container=&#8221;tag:p|font_size:16px|text_align:left&#8221; use_theme_fonts=&#8221;yes&#8221; css_animation=&#8221;none&#8221; css=&#8221;&#8221;][\/vc_column_inner][vc_column_inner width=&#8221;1\/3&#8243; offset=&#8221;vc_col-lg-4 vc_col-md-6&#8243;][vc_custom_heading text=&#8221;Con una visi\u00f3n clara, DPS Tech trabaja para establecer los principios de \u201cdescribir en lugar de programar\u201d y \u201cautomatizar todo lo automatizable\u201d como est\u00e1ndares en el desarrollo de software en Per\u00fa. Su meta es consolidar a GeneXus como la herramienta l\u00edder en el mercado peruano para el desarrollo de soluciones tecnol\u00f3gicas, marcando un antes y un despu\u00e9s en la forma en que las empresas abordan la innovaci\u00f3n.&#8221; font_container=&#8221;tag:p|font_size:16px|text_align:left&#8221; use_theme_fonts=&#8221;yes&#8221; css_animation=&#8221;none&#8221; css=&#8221;&#8221;][\/vc_column_inner][\/vc_row_inner][\/vc_column][\/vc_row][vc_row full_width=&#8221;stretch_row&#8221; css=&#8221;.vc_custom_1737944977288{padding-top: 130px !important;padding-bottom: 130px !important;background-color: #F6F6F6 !important;}&#8221;][vc_column css=&#8221;.vc_custom_1515753185470{padding-right: 0px !important;padding-left: 0px !important;}&#8221;][vc_row_inner][vc_column_inner]<header class=\"kd-section-title vc_col-lg-6 vc_col-sm-8 text-center  kd-animated fadeIn   vc_custom_1738852242621\" data-animation-delay=200><h1 class=\"separator_off\" >Directores<\/h1><\/header>[\/vc_column_inner][\/vc_row_inner][vc_row_inner][vc_column_inner width=&#8221;1\/6&#8243;][\/vc_column_inner][vc_column_inner width=&#8221;1\/3&#8243;][vc_single_image image=&#8221;8100&#8243; img_size=&#8221;full&#8221; css=&#8221;&#8221;]<header class=\"kd-section-title col-lg-12 text-center     vc_custom_1738281814906\" ><h1 class=\"separator_off\" style=\"color: #000000;\">Agust\u00edn Napoleone<\/h1><p class=\"subtitle \" style=\"color: #000000;\">DIRECTOR<\/p><\/header><header class=\"kd-section-title col-lg-12 text-center    \" ><p class=\"subtitle \" style=\"color: #000000;\">Ingeniero en Sistemas de profesi\u00f3n, con un MBA y m\u00e1s de 20 a\u00f1os de experiencia en la industria de TICs, ha comercializando productos y servicios para la comunidad GeneXus en m\u00e1s de 20 pa\u00edses.<\/p><\/header>[\/vc_column_inner][vc_column_inner width=&#8221;1\/3&#8243;][vc_single_image image=&#8221;8099&#8243; img_size=&#8221;full&#8221; css=&#8221;&#8221;]<header class=\"kd-section-title col-lg-12 text-center     vc_custom_1738281798040\" ><h1 class=\"separator_off\" style=\"color: #000000;\">Ricardo Bisordi<\/h1><p class=\"subtitle \" style=\"color: #000000;\">DIRECTOR COMERCIAL<\/p><\/header><header class=\"kd-section-title col-lg-12 text-center    \" ><p class=\"subtitle \" style=\"color: #000000;\">M\u00e1s de 25 a\u00f1os de experiencia en tecnolog\u00eda y 20 a\u00f1os comercializando GeneXus en varios pa\u00edses<\/p><\/header>[\/vc_column_inner][vc_column_inner width=&#8221;1\/6&#8243;][\/vc_column_inner][\/vc_row_inner][\/vc_column][\/vc_row][vc_row css=&#8221;.vc_custom_1737944989467{padding-top: 130px !important;padding-bottom: 130px !important;}&#8221;][vc_column]<header class=\"kd-section-title col-lg-12 text-center  kd-animated fadeIn  \" data-animation-delay=200><h1 class=\"separator_off\" >Clientes que utilizan<br \/>\nGeneXus en Per\u00fa<\/h1><\/header>[vc_media_grid element_width=&#8221;2&#8243; gap=&#8221;15&#8243; css=&#8221;.vc_custom_1737867386864{margin-bottom: 0px !important;}&#8221; grid_id=&#8221;vc_gid:1764785369702-8a6a130e-8bc6-0&#8243; include=&#8221;7523,7524,7525,7526,7527,7528,7529,7530,7531,7532,7533,7534,7535,7536,7537,7538,7539,7540,7541,7542,7543&#8243;][\/vc_column][\/vc_row]<\/p>\n<\/div>","protected":false},"excerpt":{"rendered":"<p>[vc_row full_width=&#8221;stretch_row&#8221; parallax=&#8221;content-moving&#8221; css=&#8221;.vc_custom_1738113473786{margin-top: 130px !important;padding-top: 130px !important;padding-bottom: 130px !important;background-color: #FFFFFF !important;}&#8221;][vc_column][vc_row_inner][vc_column_inner width=&#8221;1\/3&#8243; offset=&#8221;vc_col-lg-4 vc_col-md-12&#8243; css=&#8221;.vc_custom_1539607714286{padding-right: 50px !important;padding-left: 0px !important;}&#8221;][\/vc_column_inner][vc_column_inner [&hellip;]<\/p>\n","protected":false},"author":2,"featured_media":0,"parent":0,"menu_order":0,"comment_status":"closed","ping_status":"closed","template":"","meta":{"footnotes":""},"class_list":["post-5724","page","type-page","status-publish","hentry"],"yoast_head":"<!-- This site is optimized with the Yoast SEO plugin v27.1.1 - https:\/\/yoast.com\/product\/yoast-seo-wordpress\/ -->\n<title>Sobre nosotros - DPSTech<\/title>\n<meta name=\"robots\" content=\"index, follow, max-snippet:-1, max-image-preview:large, max-video-preview:-1\" \/>\n<link rel=\"canonical\" href=\"https:\/\/dpstech.com.pe\/2025\/sobre-nosotros\/\" \/>\n<meta property=\"og:locale\" content=\"es_ES\" \/>\n<meta property=\"og:type\" content=\"article\" \/>\n<meta property=\"og:title\" content=\"Sobre nosotros - DPSTech\" \/>\n<meta property=\"og:description\" content=\"[vc_row full_width=&#8221;stretch_row&#8221; parallax=&#8221;content-moving&#8221; css=&#8221;.vc_custom_1738113473786{margin-top: 130px !important;padding-top: 130px !important;padding-bottom: 130px !important;background-color: #FFFFFF !important;}&#8221;][vc_column][vc_row_inner][vc_column_inner width=&#8221;1\/3&#8243; offset=&#8221;vc_col-lg-4 vc_col-md-12&#8243; css=&#8221;.vc_custom_1539607714286{padding-right: 50px !important;padding-left: 0px !important;}&#8221;][\/vc_column_inner][vc_column_inner [&hellip;]\" \/>\n<meta property=\"og:url\" content=\"https:\/\/dpstech.com.pe\/2025\/sobre-nosotros\/\" \/>\n<meta property=\"og:site_name\" content=\"DPSTech\" \/>\n<meta property=\"article:modified_time\" content=\"2025-12-03T18:09:54+00:00\" \/>\n<meta property=\"og:image\" content=\"https:\/\/dpstech.com.pe\/2025\/wp-content\/uploads\/2025\/01\/logo-dpstech-1.png\" \/>\n\t<meta property=\"og:image:width\" content=\"1000\" \/>\n\t<meta property=\"og:image:height\" content=\"160\" \/>\n\t<meta property=\"og:image:type\" content=\"image\/png\" \/>\n<meta name=\"twitter:card\" content=\"summary_large_image\" \/>\n<meta name=\"twitter:label1\" content=\"Tiempo de lectura\" \/>\n\t<meta name=\"twitter:data1\" content=\"7 minutos\" \/>\n<script type=\"application\/ld+json\" class=\"yoast-schema-graph\">{\"@context\":\"https:\/\/schema.org\",\"@graph\":[{\"@type\":\"WebPage\",\"@id\":\"https:\/\/dpstech.com.pe\/2025\/sobre-nosotros\/\",\"url\":\"https:\/\/dpstech.com.pe\/2025\/sobre-nosotros\/\",\"name\":\"Sobre nosotros - DPSTech\",\"isPartOf\":{\"@id\":\"https:\/\/dpstech.com.pe\/2025\/#website\"},\"datePublished\":\"2018-10-22T13:45:37+00:00\",\"dateModified\":\"2025-12-03T18:09:54+00:00\",\"breadcrumb\":{\"@id\":\"https:\/\/dpstech.com.pe\/2025\/sobre-nosotros\/#breadcrumb\"},\"inLanguage\":\"es\",\"potentialAction\":[{\"@type\":\"ReadAction\",\"target\":[\"https:\/\/dpstech.com.pe\/2025\/sobre-nosotros\/\"]}]},{\"@type\":\"BreadcrumbList\",\"@id\":\"https:\/\/dpstech.com.pe\/2025\/sobre-nosotros\/#breadcrumb\",\"itemListElement\":[{\"@type\":\"ListItem\",\"position\":1,\"name\":\"Home\",\"item\":\"https:\/\/dpstech.com.pe\/2025\/\"},{\"@type\":\"ListItem\",\"position\":2,\"name\":\"Sobre nosotros\"}]},{\"@type\":\"WebSite\",\"@id\":\"https:\/\/dpstech.com.pe\/2025\/#website\",\"url\":\"https:\/\/dpstech.com.pe\/2025\/\",\"name\":\"DPSTech\",\"description\":\"\",\"publisher\":{\"@id\":\"https:\/\/dpstech.com.pe\/2025\/#organization\"},\"potentialAction\":[{\"@type\":\"SearchAction\",\"target\":{\"@type\":\"EntryPoint\",\"urlTemplate\":\"https:\/\/dpstech.com.pe\/2025\/?s={search_term_string}\"},\"query-input\":{\"@type\":\"PropertyValueSpecification\",\"valueRequired\":true,\"valueName\":\"search_term_string\"}}],\"inLanguage\":\"es\"},{\"@type\":\"Organization\",\"@id\":\"https:\/\/dpstech.com.pe\/2025\/#organization\",\"name\":\"DPSTech\",\"url\":\"https:\/\/dpstech.com.pe\/2025\/\",\"logo\":{\"@type\":\"ImageObject\",\"inLanguage\":\"es\",\"@id\":\"https:\/\/dpstech.com.pe\/2025\/#\/schema\/logo\/image\/\",\"url\":\"https:\/\/dpstech.com.pe\/2025\/wp-content\/uploads\/2025\/01\/logo-dpstech-1.png\",\"contentUrl\":\"https:\/\/dpstech.com.pe\/2025\/wp-content\/uploads\/2025\/01\/logo-dpstech-1.png\",\"width\":1000,\"height\":160,\"caption\":\"DPSTech\"},\"image\":{\"@id\":\"https:\/\/dpstech.com.pe\/2025\/#\/schema\/logo\/image\/\"}}]}<\/script>\n<!-- \/ Yoast SEO plugin. -->","yoast_head_json":{"title":"Sobre nosotros - DPSTech","robots":{"index":"index","follow":"follow","max-snippet":"max-snippet:-1","max-image-preview":"max-image-preview:large","max-video-preview":"max-video-preview:-1"},"canonical":"https:\/\/dpstech.com.pe\/2025\/sobre-nosotros\/","og_locale":"es_ES","og_type":"article","og_title":"Sobre nosotros - DPSTech","og_description":"[vc_row full_width=&#8221;stretch_row&#8221; parallax=&#8221;content-moving&#8221; css=&#8221;.vc_custom_1738113473786{margin-top: 130px !important;padding-top: 130px !important;padding-bottom: 130px !important;background-color: #FFFFFF !important;}&#8221;][vc_column][vc_row_inner][vc_column_inner width=&#8221;1\/3&#8243; offset=&#8221;vc_col-lg-4 vc_col-md-12&#8243; css=&#8221;.vc_custom_1539607714286{padding-right: 50px !important;padding-left: 0px !important;}&#8221;][\/vc_column_inner][vc_column_inner [&hellip;]","og_url":"https:\/\/dpstech.com.pe\/2025\/sobre-nosotros\/","og_site_name":"DPSTech","article_modified_time":"2025-12-03T18:09:54+00:00","og_image":[{"width":1000,"height":160,"url":"https:\/\/dpstech.com.pe\/2025\/wp-content\/uploads\/2025\/01\/logo-dpstech-1.png","type":"image\/png"}],"twitter_card":"summary_large_image","twitter_misc":{"Tiempo de lectura":"7 minutos"},"schema":{"@context":"https:\/\/schema.org","@graph":[{"@type":"WebPage","@id":"https:\/\/dpstech.com.pe\/2025\/sobre-nosotros\/","url":"https:\/\/dpstech.com.pe\/2025\/sobre-nosotros\/","name":"Sobre nosotros - DPSTech","isPartOf":{"@id":"https:\/\/dpstech.com.pe\/2025\/#website"},"datePublished":"2018-10-22T13:45:37+00:00","dateModified":"2025-12-03T18:09:54+00:00","breadcrumb":{"@id":"https:\/\/dpstech.com.pe\/2025\/sobre-nosotros\/#breadcrumb"},"inLanguage":"es","potentialAction":[{"@type":"ReadAction","target":["https:\/\/dpstech.com.pe\/2025\/sobre-nosotros\/"]}]},{"@type":"BreadcrumbList","@id":"https:\/\/dpstech.com.pe\/2025\/sobre-nosotros\/#breadcrumb","itemListElement":[{"@type":"ListItem","position":1,"name":"Home","item":"https:\/\/dpstech.com.pe\/2025\/"},{"@type":"ListItem","position":2,"name":"Sobre nosotros"}]},{"@type":"WebSite","@id":"https:\/\/dpstech.com.pe\/2025\/#website","url":"https:\/\/dpstech.com.pe\/2025\/","name":"DPSTech","description":"","publisher":{"@id":"https:\/\/dpstech.com.pe\/2025\/#organization"},"potentialAction":[{"@type":"SearchAction","target":{"@type":"EntryPoint","urlTemplate":"https:\/\/dpstech.com.pe\/2025\/?s={search_term_string}"},"query-input":{"@type":"PropertyValueSpecification","valueRequired":true,"valueName":"search_term_string"}}],"inLanguage":"es"},{"@type":"Organization","@id":"https:\/\/dpstech.com.pe\/2025\/#organization","name":"DPSTech","url":"https:\/\/dpstech.com.pe\/2025\/","logo":{"@type":"ImageObject","inLanguage":"es","@id":"https:\/\/dpstech.com.pe\/2025\/#\/schema\/logo\/image\/","url":"https:\/\/dpstech.com.pe\/2025\/wp-content\/uploads\/2025\/01\/logo-dpstech-1.png","contentUrl":"https:\/\/dpstech.com.pe\/2025\/wp-content\/uploads\/2025\/01\/logo-dpstech-1.png","width":1000,"height":160,"caption":"DPSTech"},"image":{"@id":"https:\/\/dpstech.com.pe\/2025\/#\/schema\/logo\/image\/"}}]}},"_links":{"self":[{"href":"https:\/\/dpstech.com.pe\/2025\/wp-json\/wp\/v2\/pages\/5724","targetHints":{"allow":["GET"]}}],"collection":[{"href":"https:\/\/dpstech.com.pe\/2025\/wp-json\/wp\/v2\/pages"}],"about":[{"href":"https:\/\/dpstech.com.pe\/2025\/wp-json\/wp\/v2\/types\/page"}],"author":[{"embeddable":true,"href":"https:\/\/dpstech.com.pe\/2025\/wp-json\/wp\/v2\/users\/2"}],"replies":[{"embeddable":true,"href":"https:\/\/dpstech.com.pe\/2025\/wp-json\/wp\/v2\/comments?post=5724"}],"version-history":[{"count":3,"href":"https:\/\/dpstech.com.pe\/2025\/wp-json\/wp\/v2\/pages\/5724\/revisions"}],"predecessor-version":[{"id":8108,"href":"https:\/\/dpstech.com.pe\/2025\/wp-json\/wp\/v2\/pages\/5724\/revisions\/8108"}],"wp:attachment":[{"href":"https:\/\/dpstech.com.pe\/2025\/wp-json\/wp\/v2\/media?parent=5724"}],"curies":[{"name":"wp","href":"https:\/\/api.w.org\/{rel}","templated":true}]}}